{"id":19447,"date":"2019-12-06T09:43:04","date_gmt":"2019-12-06T08:43:04","guid":{"rendered":"https:\/\/www.lebeauchene.com\/la-piscine-couverte\/"},"modified":"2020-01-10T15:05:03","modified_gmt":"2020-01-10T14:05:03","slug":"la-piscine-couverte","status":"publish","type":"page","link":"https:\/\/www.lebeauchene.com\/nl\/la-piscine-couverte\/","title":{"rendered":"Het binnenzwembad"},"content":{"rendered":"\n<h2 class=\"wp-block-heading\">Verfris jezelf als een gezin!<\/h2>\n\n\n\n<div class=\"wp-block-columns is-layout-flex wp-container-core-columns-is-layout-9d6595d7 wp-block-columns-is-layout-flex\">\n<div class=\"wp-block-column is-layout-flow wp-block-column-is-layout-flow\">\n<p>De camping heeft een zwembad met overdekt peuterbad verwarmd tot 28 \u00b0. U kunt er gebruik van maken tijdens de gehele openingsperiode van de camping, van 1 april tot 30 september.<br>Ga zitten op een van de ligstoelen bij het zwembad en ontspan.<\/p>\n<\/div>\n\n\n\n<div class=\"wp-block-column is-layout-flow wp-block-column-is-layout-flow\">\n<p><strong>Openingstijden :<\/strong><\/p>\n\n\n\n<p><strong>Laagseizoen:<\/strong> het zwembad is elke dag geopend van zondag tot vrijdag van 10.00 tot 18.00 uur en op zaterdag van 10.00 tot 20.00 uur.<\/p>\n\n\n\n<p><strong>Hoogseizoen<\/strong> (juli-augustus): het zwembad is elke dag geopend van 10.00 tot 20.00 uur.<\/p>\n<\/div>\n<\/div>\n\n\n\n<p>Zwemshorts zijn om hygi\u00ebnische redenen verboden.<br>Voor de veiligheid van de kleintjes moeten kinderen worden vergezeld door een volwassene.<\/p>\n\n\n\n\t\t\t<div id=\"sevgallery-38100272\" class=\"sev-diaporama sev-diaporama-portfolio\">\n\t\t\t<div class=\"row\">\n\n\t\t\t\n\t\t\t\t\n\t\t\t\t<div class=\"sev-diaporama-portfolio-item col-12 col-sm  col-shrink\">\n\t\t\t\t\t<a href=\"https:\/\/www.lebeauchene.com\/wp-content\/uploads\/2020\/02\/76808_1.jpg\" data-lightbox=\"sevgallery-38100272\" style=\"background-image: url(https:\/\/www.lebeauchene.com\/wp-content\/uploads\/2020\/02\/76808_1.jpg)\">\n\t\t\t\t\t\t<img decoding=\"async\" src=\"https:\/\/www.lebeauchene.com\/wp-content\/uploads\/2020\/02\/76808_1.jpg\" alt=\"\">\n\t\t\t\t\t<\/a>\n\t\t\t\t<\/div>\n\n\t\t\t\t\n\t\t\t\t\t\t\t\t\t\t\t\n\t\t\t\t\n\t\t\t\t<div class=\"sev-diaporama-portfolio-item col-12 col-sm  col-shrink\">\n\t\t\t\t\t<a href=\"https:\/\/www.lebeauchene.com\/wp-content\/uploads\/2019\/12\/Piscine-1.jpg\" data-lightbox=\"sevgallery-38100272\" style=\"background-image: url(https:\/\/www.lebeauchene.com\/wp-content\/uploads\/2019\/12\/Piscine-1.jpg)\">\n\t\t\t\t\t\t<img decoding=\"async\" src=\"https:\/\/www.lebeauchene.com\/wp-content\/uploads\/2019\/12\/Piscine-1.jpg\" alt=\"piscine couverte du camping\">\n\t\t\t\t\t<\/a>\n\t\t\t\t<\/div>\n\n\t\t\t\t\n\t\t\t\t\t\t\t\t\t\t\t\n\t\t\t\t\n\t\t\t\t<div class=\"sev-diaporama-portfolio-item col-12 col-sm \">\n\t\t\t\t\t<a href=\"https:\/\/www.lebeauchene.com\/wp-content\/uploads\/2019\/12\/Piscine-couverte-ext\u00e9rieur.jpg\" data-lightbox=\"sevgallery-38100272\" style=\"background-image: url(https:\/\/www.lebeauchene.com\/wp-content\/uploads\/2019\/12\/Piscine-couverte-ext\u00e9rieur.jpg)\">\n\t\t\t\t\t\t<img decoding=\"async\" src=\"https:\/\/www.lebeauchene.com\/wp-content\/uploads\/2019\/12\/Piscine-couverte-ext\u00e9rieur.jpg\" alt=\"piscine couverte camping en Vend\u00e9e\">\n\t\t\t\t\t<\/a>\n\t\t\t\t<\/div>\n\n\t\t\t\t\t\t\t\t\t<div class=\"w-100\"><\/div>\n\t\t\t\t\t\t\t\t\t\n\t\t\t\t\t\t\t\t\t\t\t\t\t\t<\/div>\n\t\t\t<\/div>\n\n\t\t\t<script>\n\t\t\tjQuery(function($) {\n\n\t\t\t\tvar marginPortfolio = function() {\n\n\t\t\t\t\tvar $diapo          = $('#sevgallery-38100272');\n\t\t\t\t\tvar container_width = $diapo.parent().outerWidth();\n\t\t\t\t\tvar side            = ( $(window).innerWidth() - container_width ) \/ 2;\n\n\t\t\t\t\t$diapo.css( {\n\t\t\t\t\t\t'margin-left': '-' + side + 'px',\n\t\t\t\t\t\t'margin-right': '-' + side + 'px',\n\t\t\t\t\t} );\n\t\t\t\t}\n\n\t\t\t\t$( window ).resize( function() {\n\t\t\t\t\tmarginPortfolio();\n\t\t\t\t} );\n\t\t\t\tmarginPortfolio();\n\t\t\t});\n\t\t\t<\/script>\n\t\t\t\n","protected":false},"excerpt":{"rendered":"<p>Verfris jezelf als een gezin! De camping heeft een zwembad met overdekt peuterbad verwarmd tot 28 \u00b0. U kunt er gebruik van maken tijdens de gehele openingsperiode van de camping, van 1 april tot 30 september.Ga zitten op een van de ligstoelen bij het zwembad en ontspan. Openingstijden : Laagseizoen: het zwembad is elke dag [&hellip;]<\/p>\n","protected":false},"author":1,"featured_media":0,"parent":0,"menu_order":0,"comment_status":"closed","ping_status":"closed","template":"","meta":{"_seopress_robots_primary_cat":"","_seopress_titles_title":"La piscine couverte du camping \u00e0 Avrill\u00e9 en Vend\u00e9e","_seopress_titles_desc":"Le camping dispose d\u2019une piscine avec pataugeoire couverte et chauff\u00e9e \u00e0 28\u00b0.","_seopress_robots_index":"","footnotes":""},"class_list":["post-19447","page","type-page","status-publish","hentry"],"_links":{"self":[{"href":"https:\/\/www.lebeauchene.com\/nl\/wp-json\/wp\/v2\/pages\/19447","targetHints":{"allow":["GET"]}}],"collection":[{"href":"https:\/\/www.lebeauchene.com\/nl\/wp-json\/wp\/v2\/pages"}],"about":[{"href":"https:\/\/www.lebeauchene.com\/nl\/wp-json\/wp\/v2\/types\/page"}],"author":[{"embeddable":true,"href":"https:\/\/www.lebeauchene.com\/nl\/wp-json\/wp\/v2\/users\/1"}],"replies":[{"embeddable":true,"href":"https:\/\/www.lebeauchene.com\/nl\/wp-json\/wp\/v2\/comments?post=19447"}],"version-history":[{"count":1,"href":"https:\/\/www.lebeauchene.com\/nl\/wp-json\/wp\/v2\/pages\/19447\/revisions"}],"predecessor-version":[{"id":19448,"href":"https:\/\/www.lebeauchene.com\/nl\/wp-json\/wp\/v2\/pages\/19447\/revisions\/19448"}],"wp:attachment":[{"href":"https:\/\/www.lebeauchene.com\/nl\/wp-json\/wp\/v2\/media?parent=19447"}],"curies":[{"name":"wp","href":"https:\/\/api.w.org\/{rel}","templated":true}]}}