{"id":19728,"date":"2020-01-17T13:40:41","date_gmt":"2020-01-17T12:40:41","guid":{"rendered":"https:\/\/www.lebeauchene.com\/?page_id=19728"},"modified":"2020-01-17T14:39:00","modified_gmt":"2020-01-17T13:39:00","slug":"la-tranche-sur-mer","status":"publish","type":"page","link":"https:\/\/www.lebeauchene.com\/en\/la-tranche-sur-mer\/","title":{"rendered":"La Tranche sur Mer"},"content":{"rendered":"\n<div class=\"wp-block-columns is-layout-flex wp-container-core-columns-is-layout-9d6595d7 wp-block-columns-is-layout-flex\">\n<div class=\"wp-block-column is-layout-flow wp-block-column-is-layout-flow\">\n<p>Take advantage of your visit to Beauch\u00eane to visit the seaside resort of Tranche sur Mer, 18 km from the campsite. The resort is particularly <strong>famous for its beaches<\/strong> (13 km of sandy beaches), its surf spots and its wild nature. La tranche sur Mer is labeled &#8220;Blue Flag&#8221; for the quality of its bathing water, its respect for the environment and the responsible management of beach waste. <\/p>\n\n\n\n<p>Discover the central beach located in the heart of La Tranche sur Mer, once installed on your towel you will be able to notice the \u00cele de R\u00e9 on the horizon. At the pier, you can take the boat to go to \u00cele de R\u00e9, Ile d&#8217;Aix or even approach Fort Boyard. You can also enjoy many nautical activities with the family: surfing, paddle, windsurfing, windsurfing, kitesurfing, towed buoy, sand yachting\u2026 <\/p>\n<\/div>\n\n\n\n<div class=\"wp-block-column is-layout-flow wp-block-column-is-layout-flow\">\n<p>Discover the central beach located in the heart of La Tranche sur Mer, once installed on your towel you will be able to notice the \u00cele de R\u00e9 on the horizon. At the pier, you can take the boat to go to \u00cele de R\u00e9, Ile d&#8217;Aix or even approach Fort Boyard. You can also enjoy <strong>many nautical activities<\/strong> with the family: surfing, paddle, windsurfing, windsurfing, kitesurfing, towed buoy, sand yachting\u2026 <\/p>\n\n\n\n<p> In the pedestrian street leading to the beach, you can sit on the terrace to eat a local meal, stroll through the shops and enjoy the market in the main square. <\/p>\n<\/div>\n<\/div>\n\n\n\n\t\t\t<div id=\"sevgallery-1429917881\" class=\"sev-diaporama sev-diaporama-portfolio\">\n\t\t\t<div class=\"row\">\n\n\t\t\t\n\t\t\t\t\n\t\t\t\t<div class=\"sev-diaporama-portfolio-item col-12 col-sm  col-grow\">\n\t\t\t\t\t<a href=\"https:\/\/www.lebeauchene.com\/wp-content\/uploads\/2019\/12\/la-tranche-sur-mer-IMG_3032.jpg\" data-lightbox=\"sevgallery-1429917881\" style=\"background-image: url(https:\/\/www.lebeauchene.com\/wp-content\/uploads\/2019\/12\/la-tranche-sur-mer-IMG_3032.jpg)\">\n\t\t\t\t\t\t<img decoding=\"async\" src=\"https:\/\/www.lebeauchene.com\/wp-content\/uploads\/2019\/12\/la-tranche-sur-mer-IMG_3032.jpg\" alt=\"camping pr\u00e8s des plages de la Tranche sur Mer\">\n\t\t\t\t\t<\/a>\n\t\t\t\t<\/div>\n\n\t\t\t\t\n\t\t\t\t\t\t\t\t\t\t\t\n\t\t\t\t\n\t\t\t\t<div class=\"sev-diaporama-portfolio-item col-12 col-sm \">\n\t\t\t\t\t<a href=\"https:\/\/www.lebeauchene.com\/wp-content\/uploads\/2019\/12\/la-tranche-sur-mer-IMG_7689.jpg\" data-lightbox=\"sevgallery-1429917881\" style=\"background-image: url(https:\/\/www.lebeauchene.com\/wp-content\/uploads\/2019\/12\/la-tranche-sur-mer-IMG_7689.jpg)\">\n\t\t\t\t\t\t<img decoding=\"async\" src=\"https:\/\/www.lebeauchene.com\/wp-content\/uploads\/2019\/12\/la-tranche-sur-mer-IMG_7689.jpg\" alt=\"activit\u00e9s nautiques en Vend\u00e9e\">\n\t\t\t\t\t<\/a>\n\t\t\t\t<\/div>\n\n\t\t\t\t\n\t\t\t\t\t\t\t\t\t\t\t\n\t\t\t\t\n\t\t\t\t<div class=\"sev-diaporama-portfolio-item col-12 col-sm  col-shrink\">\n\t\t\t\t\t<a href=\"https:\/\/www.lebeauchene.com\/wp-content\/uploads\/2020\/01\/Embarcad\u00e8re.jpg\" data-lightbox=\"sevgallery-1429917881\" style=\"background-image: url(https:\/\/www.lebeauchene.com\/wp-content\/uploads\/2020\/01\/Embarcad\u00e8re.jpg)\">\n\t\t\t\t\t\t<img decoding=\"async\" src=\"https:\/\/www.lebeauchene.com\/wp-content\/uploads\/2020\/01\/Embarcad\u00e8re.jpg\" alt=\"La Tranche sur Mer\">\n\t\t\t\t\t<\/a>\n\t\t\t\t<\/div>\n\n\t\t\t\t\n\t\t\t\t\t\t\t\t\t\t\t\n\t\t\t\t\n\t\t\t\t<div class=\"sev-diaporama-portfolio-item col-12 col-sm  col-shrink\">\n\t\t\t\t\t<a href=\"https:\/\/www.lebeauchene.com\/wp-content\/uploads\/2020\/01\/La-Tranche-sur-Mer.jpg\" data-lightbox=\"sevgallery-1429917881\" style=\"background-image: url(https:\/\/www.lebeauchene.com\/wp-content\/uploads\/2020\/01\/La-Tranche-sur-Mer.jpg)\">\n\t\t\t\t\t\t<img decoding=\"async\" src=\"https:\/\/www.lebeauchene.com\/wp-content\/uploads\/2020\/01\/La-Tranche-sur-Mer.jpg\" alt=\"La Tranche sur Mer\">\n\t\t\t\t\t<\/a>\n\t\t\t\t<\/div>\n\n\t\t\t\t\t\t\t\t\t<div class=\"w-100\"><\/div>\n\t\t\t\t\t\t\t\t\t\n\t\t\t\t\t\t\t\t\t\t\t\n\t\t\t\t\n\t\t\t\t<div class=\"sev-diaporama-portfolio-item col-12 col-sm  col-shrink\">\n\t\t\t\t\t<a href=\"https:\/\/www.lebeauchene.com\/wp-content\/uploads\/2020\/01\/Plage-centrale.jpg\" data-lightbox=\"sevgallery-1429917881\" style=\"background-image: url(https:\/\/www.lebeauchene.com\/wp-content\/uploads\/2020\/01\/Plage-centrale.jpg)\">\n\t\t\t\t\t\t<img decoding=\"async\" src=\"https:\/\/www.lebeauchene.com\/wp-content\/uploads\/2020\/01\/Plage-centrale.jpg\" alt=\"La Tranche sur Mer plage\">\n\t\t\t\t\t<\/a>\n\t\t\t\t<\/div>\n\n\t\t\t\t\n\t\t\t\t\t\t\t\t\t\t\t\n\t\t\t\t\n\t\t\t\t<div class=\"sev-diaporama-portfolio-item col-12 col-sm  col-shrink\">\n\t\t\t\t\t<a href=\"https:\/\/www.lebeauchene.com\/wp-content\/uploads\/2020\/01\/Plage.jpg\" data-lightbox=\"sevgallery-1429917881\" style=\"background-image: url(https:\/\/www.lebeauchene.com\/wp-content\/uploads\/2020\/01\/Plage.jpg)\">\n\t\t\t\t\t\t<img decoding=\"async\" src=\"https:\/\/www.lebeauchene.com\/wp-content\/uploads\/2020\/01\/Plage.jpg\" alt=\"La Tranche sur Mer plage\">\n\t\t\t\t\t<\/a>\n\t\t\t\t<\/div>\n\n\t\t\t\t\n\t\t\t\t\t\t\t\t\t\t\t\n\t\t\t\t\n\t\t\t\t<div class=\"sev-diaporama-portfolio-item col-12 col-sm  col-grow\">\n\t\t\t\t\t<a href=\"https:\/\/www.lebeauchene.com\/wp-content\/uploads\/2020\/01\/Rue-pi\u00e9tonne.jpg\" data-lightbox=\"sevgallery-1429917881\" style=\"background-image: url(https:\/\/www.lebeauchene.com\/wp-content\/uploads\/2020\/01\/Rue-pi\u00e9tonne.jpg)\">\n\t\t\t\t\t\t<img decoding=\"async\" src=\"https:\/\/www.lebeauchene.com\/wp-content\/uploads\/2020\/01\/Rue-pi\u00e9tonne.jpg\" alt=\"La Tranche sur Mer\">\n\t\t\t\t\t<\/a>\n\t\t\t\t<\/div>\n\n\t\t\t\t\n\t\t\t\t\t\t\t\t\t\t\t\n\t\t\t\t\n\t\t\t\t<div class=\"sev-diaporama-portfolio-item col-12 col-sm \">\n\t\t\t\t\t<a href=\"https:\/\/www.lebeauchene.com\/wp-content\/uploads\/2020\/01\/Vue-a\u00e9rienne-1.jpg\" data-lightbox=\"sevgallery-1429917881\" style=\"background-image: url(https:\/\/www.lebeauchene.com\/wp-content\/uploads\/2020\/01\/Vue-a\u00e9rienne-1.jpg)\">\n\t\t\t\t\t\t<img decoding=\"async\" src=\"https:\/\/www.lebeauchene.com\/wp-content\/uploads\/2020\/01\/Vue-a\u00e9rienne-1.jpg\" alt=\"La Tranche sur Mer\">\n\t\t\t\t\t<\/a>\n\t\t\t\t<\/div>\n\n\t\t\t\t\t\t\t\t\t<div class=\"w-100\"><\/div>\n\t\t\t\t\t\t\t\t\t\n\t\t\t\t\t\t\t\t\t\t\t\t\t\t<\/div>\n\t\t\t<\/div>\n\n\t\t\t<script>\n\t\t\tjQuery(function($) {\n\n\t\t\t\tvar marginPortfolio = function() {\n\n\t\t\t\t\tvar $diapo          = $('#sevgallery-1429917881');\n\t\t\t\t\tvar container_width = $diapo.parent().outerWidth();\n\t\t\t\t\tvar side            = ( $(window).innerWidth() - container_width ) \/ 2;\n\n\t\t\t\t\t$diapo.css( {\n\t\t\t\t\t\t'margin-left': '-' + side + 'px',\n\t\t\t\t\t\t'margin-right': '-' + side + 'px',\n\t\t\t\t\t} );\n\t\t\t\t}\n\n\t\t\t\t$( window ).resize( function() {\n\t\t\t\t\tmarginPortfolio();\n\t\t\t\t} );\n\t\t\t\tmarginPortfolio();\n\t\t\t});\n\t\t\t<\/script>\n\t\t\t\n","protected":false},"excerpt":{"rendered":"<p>Take advantage of your visit to Beauch\u00eane to visit the seaside resort of Tranche sur Mer, 18 km from the campsite. The resort is particularly famous for its beaches (13 km of sandy beaches), its surf spots and its wild nature. La tranche sur Mer is labeled &#8220;Blue Flag&#8221; for the quality of its bathing [&hellip;]<\/p>\n","protected":false},"author":2,"featured_media":0,"parent":0,"menu_order":0,"comment_status":"closed","ping_status":"closed","template":"","meta":{"_seopress_robots_primary_cat":"","_seopress_titles_title":"","_seopress_titles_desc":"","_seopress_robots_index":"","footnotes":""},"class_list":["post-19728","page","type-page","status-publish","hentry"],"_links":{"self":[{"href":"https:\/\/www.lebeauchene.com\/en\/wp-json\/wp\/v2\/pages\/19728","targetHints":{"allow":["GET"]}}],"collection":[{"href":"https:\/\/www.lebeauchene.com\/en\/wp-json\/wp\/v2\/pages"}],"about":[{"href":"https:\/\/www.lebeauchene.com\/en\/wp-json\/wp\/v2\/types\/page"}],"author":[{"embeddable":true,"href":"https:\/\/www.lebeauchene.com\/en\/wp-json\/wp\/v2\/users\/2"}],"replies":[{"embeddable":true,"href":"https:\/\/www.lebeauchene.com\/en\/wp-json\/wp\/v2\/comments?post=19728"}],"version-history":[{"count":2,"href":"https:\/\/www.lebeauchene.com\/en\/wp-json\/wp\/v2\/pages\/19728\/revisions"}],"predecessor-version":[{"id":19762,"href":"https:\/\/www.lebeauchene.com\/en\/wp-json\/wp\/v2\/pages\/19728\/revisions\/19762"}],"wp:attachment":[{"href":"https:\/\/www.lebeauchene.com\/en\/wp-json\/wp\/v2\/media?parent=19728"}],"curies":[{"name":"wp","href":"https:\/\/api.w.org\/{rel}","templated":true}]}}